{"id":9,"date":"2026-02-22T14:17:21","date_gmt":"2026-02-22T14:17:21","guid":{"rendered":"http:\/\/salonpecheoise.com\/?page_id=9"},"modified":"2026-02-22T14:18:39","modified_gmt":"2026-02-22T14:18:39","slug":"devenir-exposant","status":"publish","type":"page","link":"https:\/\/salonpecheoise.com\/?page_id=9","title":{"rendered":"Devenir exposant"},"content":{"rendered":"\n<h2 class=\"wp-block-heading\">\ud83e\udd1d Vous \u00eates exposant ?<\/h2>\n\n\n\n<p class=\"wp-block-paragraph\">Rejoignez un \u00e9v\u00e9nement r\u00e9gional en pleine dynamique, d\u00e9di\u00e9 exclusivement aux carnassiers.<\/p>\n\n\n\n<p class=\"wp-block-paragraph\">\u2714 Public cibl\u00e9 et passionn\u00e9<br>\u2714 Communication r\u00e9gionale active<br>\u2714 Salle couverte de 800 m\u00b2<br>\u2714 Parking gratuit 500 places<br>\u2714 Ambiance conviviale et sp\u00e9cialis\u00e9e<\/p>\n\n\n\n<p class=\"wp-block-paragraph\">Que vous soyez marque nationale, d\u00e9taillant, artisan, cr\u00e9ateur de leurres ou guide de p\u00eache, le Salon de la P\u00eache de Senlis est l\u2019occasion id\u00e9ale pour d\u00e9velopper votre visibilit\u00e9 et rencontrer un public qualifi\u00e9.<\/p>\n\n\n\n<p class=\"wp-block-paragraph\">\ud83d\udc49 R\u00e9servez votre stand d\u00e8s maintenant et participez \u00e0 la premi\u00e8re \u00e9dition !<\/p>\n\n\n\n<div class=\"wp-block-contact-form-7-contact-form-selector\">\n<div class=\"wpcf7 no-js\" id=\"wpcf7-f11-o1\" lang=\"en-US\" dir=\"ltr\" data-wpcf7-id=\"11\">\n<div class=\"screen-reader-response\"><p role=\"status\" aria-live=\"polite\" aria-atomic=\"true\"><\/p> <ul><\/ul><\/div>\n<form action=\"\/index.php?rest_route=%2Fwp%2Fv2%2Fpages%2F9#wpcf7-f11-o1\" method=\"post\" class=\"wpcf7-form init\" aria-label=\"Contact form\" novalidate=\"novalidate\" data-status=\"init\">\n<fieldset class=\"hidden-fields-container\"><input type=\"hidden\" name=\"_wpcf7\" value=\"11\" \/><input type=\"hidden\" name=\"_wpcf7_version\" value=\"6.1.5\" \/><input type=\"hidden\" name=\"_wpcf7_locale\" value=\"en_US\" \/><input type=\"hidden\" name=\"_wpcf7_unit_tag\" value=\"wpcf7-f11-o1\" \/><input type=\"hidden\" name=\"_wpcf7_container_post\" value=\"0\" \/><input type=\"hidden\" name=\"_wpcf7_posted_data_hash\" value=\"\" \/>\n<\/fieldset>\n<p><label> Nom<br \/>\n<span class=\"wpcf7-form-control-wrap\" data-name=\"your-name\"><input size=\"40\" maxlength=\"400\" class=\"wpcf7-form-control wpcf7-text wpcf7-validates-as-required\" autocomplete=\"name\" aria-required=\"true\" aria-invalid=\"false\" value=\"\" type=\"text\" name=\"your-name\" \/><\/span> <\/label>\n<\/p>\n<p><label> Email<br \/>\n<span class=\"wpcf7-form-control-wrap\" data-name=\"your-email\"><input size=\"40\" maxlength=\"400\" class=\"wpcf7-form-control wpcf7-email wpcf7-validates-as-required wpcf7-text wpcf7-validates-as-email\" autocomplete=\"email\" aria-required=\"true\" aria-invalid=\"false\" value=\"\" type=\"email\" name=\"your-email\" \/><\/span> <\/label>\n<\/p>\n<p><label> Objet<br \/>\n<span class=\"wpcf7-form-control-wrap\" data-name=\"your-subject\"><input size=\"40\" maxlength=\"400\" class=\"wpcf7-form-control wpcf7-text wpcf7-validates-as-required\" aria-required=\"true\" aria-invalid=\"false\" value=\"\" type=\"text\" name=\"your-subject\" \/><\/span> <\/label>\n<\/p>\n<p><label> Votre message<br \/>\n<span class=\"wpcf7-form-control-wrap\" data-name=\"your-message\"><textarea cols=\"40\" rows=\"10\" maxlength=\"2000\" class=\"wpcf7-form-control wpcf7-textarea\" aria-invalid=\"false\" name=\"your-message\"><\/textarea><\/span> <\/label>\n<\/p>\n<p><input class=\"wpcf7-form-control wpcf7-submit has-spinner\" type=\"submit\" value=\"Envoyer\" \/>\n<\/p><div class=\"wpcf7-response-output\" aria-hidden=\"true\"><\/div>\n<\/form>\n<\/div>\n<\/div>\n","protected":false},"excerpt":{"rendered":"<p>\ud83e\udd1d Vous \u00eates exposant ? Rejoignez un \u00e9v\u00e9nement r\u00e9gional en pleine dynamique, d\u00e9di\u00e9 exclusivement aux carnassiers. \u2714 Public cibl\u00e9 et passionn\u00e9\u2714 Communication r\u00e9gionale active\u2714 Salle couverte de 800 m\u00b2\u2714 Parking gratuit 500 places\u2714 Ambiance conviviale et sp\u00e9cialis\u00e9e Que vous soyez marque nationale, d\u00e9taillant, artisan, cr\u00e9ateur de leurres ou guide de p\u00eache, le Salon de la [&hellip;]<\/p>\n","protected":false},"author":1,"featured_media":0,"parent":0,"menu_order":0,"comment_status":"closed","ping_status":"closed","template":"","meta":{"_crdt_document":"","footnotes":""},"class_list":["post-9","page","type-page","status-publish","hentry"],"yoast_head":"<!-- This site is optimized with the Yoast SEO plugin v27.0 - https:\/\/yoast.com\/product\/yoast-seo-wordpress\/ -->\n<title>Devenir exposant - Salon de la P\u00eache de Senlis<\/title>\n<meta name=\"robots\" content=\"index, follow, max-snippet:-1, max-image-preview:large, max-video-preview:-1\" \/>\n<link rel=\"canonical\" href=\"https:\/\/salonpecheoise.com\/?page_id=9\" \/>\n<meta property=\"og:locale\" content=\"fr_FR\" \/>\n<meta property=\"og:type\" content=\"article\" \/>\n<meta property=\"og:title\" content=\"Devenir exposant - Salon de la P\u00eache de Senlis\" \/>\n<meta property=\"og:description\" content=\"\ud83e\udd1d Vous \u00eates exposant ? Rejoignez un \u00e9v\u00e9nement r\u00e9gional en pleine dynamique, d\u00e9di\u00e9 exclusivement aux carnassiers. \u2714 Public cibl\u00e9 et passionn\u00e9\u2714 Communication r\u00e9gionale active\u2714 Salle couverte de 800 m\u00b2\u2714 Parking gratuit 500 places\u2714 Ambiance conviviale et sp\u00e9cialis\u00e9e Que vous soyez marque nationale, d\u00e9taillant, artisan, cr\u00e9ateur de leurres ou guide de p\u00eache, le Salon de la [&hellip;]\" \/>\n<meta property=\"og:url\" content=\"https:\/\/salonpecheoise.com\/?page_id=9\" \/>\n<meta property=\"og:site_name\" content=\"Salon de la P\u00eache de Senlis\" \/>\n<meta property=\"article:modified_time\" content=\"2026-02-22T14:18:39+00:00\" \/>\n<meta name=\"twitter:card\" content=\"summary_large_image\" \/>\n<script type=\"application\/ld+json\" class=\"yoast-schema-graph\">{\"@context\":\"https:\/\/schema.org\",\"@graph\":[{\"@type\":\"WebPage\",\"@id\":\"https:\/\/salonpecheoise.com\/?page_id=9\",\"url\":\"https:\/\/salonpecheoise.com\/?page_id=9\",\"name\":\"Devenir exposant - Salon de la P\u00eache de Senlis\",\"isPartOf\":{\"@id\":\"https:\/\/salonpecheoise.com\/#website\"},\"datePublished\":\"2026-02-22T14:17:21+00:00\",\"dateModified\":\"2026-02-22T14:18:39+00:00\",\"breadcrumb\":{\"@id\":\"https:\/\/salonpecheoise.com\/?page_id=9#breadcrumb\"},\"inLanguage\":\"fr-FR\",\"potentialAction\":[{\"@type\":\"ReadAction\",\"target\":[\"https:\/\/salonpecheoise.com\/?page_id=9\"]}]},{\"@type\":\"BreadcrumbList\",\"@id\":\"https:\/\/salonpecheoise.com\/?page_id=9#breadcrumb\",\"itemListElement\":[{\"@type\":\"ListItem\",\"position\":1,\"name\":\"Accueil\",\"item\":\"https:\/\/salonpecheoise.com\/\"},{\"@type\":\"ListItem\",\"position\":2,\"name\":\"Devenir exposant\"}]},{\"@type\":\"WebSite\",\"@id\":\"https:\/\/salonpecheoise.com\/#website\",\"url\":\"https:\/\/salonpecheoise.com\/\",\"name\":\"Salon de la P\u00eache de Senlis\",\"description\":\"Le 1er Salon de la P\u00eache de l&#039;Oise\",\"publisher\":{\"@id\":\"https:\/\/salonpecheoise.com\/#organization\"},\"potentialAction\":[{\"@type\":\"SearchAction\",\"target\":{\"@type\":\"EntryPoint\",\"urlTemplate\":\"https:\/\/salonpecheoise.com\/?s={search_term_string}\"},\"query-input\":{\"@type\":\"PropertyValueSpecification\",\"valueRequired\":true,\"valueName\":\"search_term_string\"}}],\"inLanguage\":\"fr-FR\"},{\"@type\":\"Organization\",\"@id\":\"https:\/\/salonpecheoise.com\/#organization\",\"name\":\"Salon de la P\u00eache de Senlis\",\"url\":\"https:\/\/salonpecheoise.com\/\",\"logo\":{\"@type\":\"ImageObject\",\"inLanguage\":\"fr-FR\",\"@id\":\"https:\/\/salonpecheoise.com\/#\/schema\/logo\/image\/\",\"url\":\"https:\/\/salonpecheoise.com\/wp-content\/uploads\/2026\/02\/logo.png\",\"contentUrl\":\"https:\/\/salonpecheoise.com\/wp-content\/uploads\/2026\/02\/logo.png\",\"width\":1000,\"height\":1000,\"caption\":\"Salon de la P\u00eache de Senlis\"},\"image\":{\"@id\":\"https:\/\/salonpecheoise.com\/#\/schema\/logo\/image\/\"}}]}<\/script>\n<!-- \/ Yoast SEO plugin. -->","yoast_head_json":{"title":"Devenir exposant - Salon de la P\u00eache de Senlis","robots":{"index":"index","follow":"follow","max-snippet":"max-snippet:-1","max-image-preview":"max-image-preview:large","max-video-preview":"max-video-preview:-1"},"canonical":"https:\/\/salonpecheoise.com\/?page_id=9","og_locale":"fr_FR","og_type":"article","og_title":"Devenir exposant - Salon de la P\u00eache de Senlis","og_description":"\ud83e\udd1d Vous \u00eates exposant ? Rejoignez un \u00e9v\u00e9nement r\u00e9gional en pleine dynamique, d\u00e9di\u00e9 exclusivement aux carnassiers. \u2714 Public cibl\u00e9 et passionn\u00e9\u2714 Communication r\u00e9gionale active\u2714 Salle couverte de 800 m\u00b2\u2714 Parking gratuit 500 places\u2714 Ambiance conviviale et sp\u00e9cialis\u00e9e Que vous soyez marque nationale, d\u00e9taillant, artisan, cr\u00e9ateur de leurres ou guide de p\u00eache, le Salon de la [&hellip;]","og_url":"https:\/\/salonpecheoise.com\/?page_id=9","og_site_name":"Salon de la P\u00eache de Senlis","article_modified_time":"2026-02-22T14:18:39+00:00","twitter_card":"summary_large_image","schema":{"@context":"https:\/\/schema.org","@graph":[{"@type":"WebPage","@id":"https:\/\/salonpecheoise.com\/?page_id=9","url":"https:\/\/salonpecheoise.com\/?page_id=9","name":"Devenir exposant - Salon de la P\u00eache de Senlis","isPartOf":{"@id":"https:\/\/salonpecheoise.com\/#website"},"datePublished":"2026-02-22T14:17:21+00:00","dateModified":"2026-02-22T14:18:39+00:00","breadcrumb":{"@id":"https:\/\/salonpecheoise.com\/?page_id=9#breadcrumb"},"inLanguage":"fr-FR","potentialAction":[{"@type":"ReadAction","target":["https:\/\/salonpecheoise.com\/?page_id=9"]}]},{"@type":"BreadcrumbList","@id":"https:\/\/salonpecheoise.com\/?page_id=9#breadcrumb","itemListElement":[{"@type":"ListItem","position":1,"name":"Accueil","item":"https:\/\/salonpecheoise.com\/"},{"@type":"ListItem","position":2,"name":"Devenir exposant"}]},{"@type":"WebSite","@id":"https:\/\/salonpecheoise.com\/#website","url":"https:\/\/salonpecheoise.com\/","name":"Salon de la P\u00eache de Senlis","description":"Le 1er Salon de la P\u00eache de l&#039;Oise","publisher":{"@id":"https:\/\/salonpecheoise.com\/#organization"},"potentialAction":[{"@type":"SearchAction","target":{"@type":"EntryPoint","urlTemplate":"https:\/\/salonpecheoise.com\/?s={search_term_string}"},"query-input":{"@type":"PropertyValueSpecification","valueRequired":true,"valueName":"search_term_string"}}],"inLanguage":"fr-FR"},{"@type":"Organization","@id":"https:\/\/salonpecheoise.com\/#organization","name":"Salon de la P\u00eache de Senlis","url":"https:\/\/salonpecheoise.com\/","logo":{"@type":"ImageObject","inLanguage":"fr-FR","@id":"https:\/\/salonpecheoise.com\/#\/schema\/logo\/image\/","url":"https:\/\/salonpecheoise.com\/wp-content\/uploads\/2026\/02\/logo.png","contentUrl":"https:\/\/salonpecheoise.com\/wp-content\/uploads\/2026\/02\/logo.png","width":1000,"height":1000,"caption":"Salon de la P\u00eache de Senlis"},"image":{"@id":"https:\/\/salonpecheoise.com\/#\/schema\/logo\/image\/"}}]}},"_links":{"self":[{"href":"https:\/\/salonpecheoise.com\/index.php?rest_route=\/wp\/v2\/pages\/9","targetHints":{"allow":["GET"]}}],"collection":[{"href":"https:\/\/salonpecheoise.com\/index.php?rest_route=\/wp\/v2\/pages"}],"about":[{"href":"https:\/\/salonpecheoise.com\/index.php?rest_route=\/wp\/v2\/types\/page"}],"author":[{"embeddable":true,"href":"https:\/\/salonpecheoise.com\/index.php?rest_route=\/wp\/v2\/users\/1"}],"replies":[{"embeddable":true,"href":"https:\/\/salonpecheoise.com\/index.php?rest_route=%2Fwp%2Fv2%2Fcomments&post=9"}],"version-history":[{"count":2,"href":"https:\/\/salonpecheoise.com\/index.php?rest_route=\/wp\/v2\/pages\/9\/revisions"}],"predecessor-version":[{"id":12,"href":"https:\/\/salonpecheoise.com\/index.php?rest_route=\/wp\/v2\/pages\/9\/revisions\/12"}],"wp:attachment":[{"href":"https:\/\/salonpecheoise.com\/index.php?rest_route=%2Fwp%2Fv2%2Fmedia&parent=9"}],"curies":[{"name":"wp","href":"https:\/\/api.w.org\/{rel}","templated":true}]}}