{"id":60,"date":"2026-02-23T21:25:24","date_gmt":"2026-02-23T21:25:24","guid":{"rendered":"https:\/\/salonpecheoise.com\/?page_id=60"},"modified":"2026-02-23T23:25:55","modified_gmt":"2026-02-23T23:25:55","slug":"newsletter","status":"publish","type":"page","link":"https:\/\/salonpecheoise.com\/?page_id=60","title":{"rendered":"Newsletter"},"content":{"rendered":"\n<p class=\"wp-block-paragraph\">Ne manquez rien de l\u2019actualit\u00e9 de notre \u00e9v\u00e9nement : nouveaut\u00e9s, animations, conf\u00e9rences, d\u00e9monstrations, offres sp\u00e9ciales et grandes annonces.<\/p>\n\n\n\n<p class=\"wp-block-paragraph\">Inscrivez-vous \u00e0 notre newsletter et soyez les premiers inform\u00e9s pour pr\u00e9parer votre visite et vivre un week-end 100 % passion p\u00eache !<\/p>\n\n\n\n<p class=\"wp-block-paragraph\">\ud83d\udce9 <strong>Inscrivez-vous d\u00e8s maintenant et recevez toutes les infos directement dans votre bo\u00eete mail.<\/strong><\/p>\n\n\n\n<iframe loading=\"lazy\" width=\"540\" height=\"305\" src=\"https:\/\/86521b21.sibforms.com\/serve\/MUIFAJ3zqcaqdqJX7FPOqlAfurPYlAC4w1zKvVsMjekW3QSSKpiOX-ojf_3rhGzX1D_FgsfRSM0HWM8hTtnovJC6Y-gg4NZPBO9UFiq-8UzcFlpWmFHpVaRG992lmuwmgK-YkBm4rVzqLft1S_7jYn1WDiePxN0vTuag7EW9cesRT1lk1rCvFI6wUm1O54EKT4wUp6X9y6nLV2vKwA==\" frameborder=\"0\" scrolling=\"auto\" allowfullscreen style=\"display: block;margin-left: auto;margin-right: auto;max-width: 100%;\"><\/iframe>\n","protected":false},"excerpt":{"rendered":"<p>Ne manquez rien de l\u2019actualit\u00e9 de notre \u00e9v\u00e9nement : nouveaut\u00e9s, animations, conf\u00e9rences, d\u00e9monstrations, offres sp\u00e9ciales et grandes annonces. Inscrivez-vous \u00e0 notre newsletter et soyez les premiers inform\u00e9s pour pr\u00e9parer votre visite et vivre un week-end 100 % passion p\u00eache ! \ud83d\udce9 Inscrivez-vous d\u00e8s maintenant et recevez toutes les infos directement dans votre bo\u00eete mail.<\/p>\n","protected":false},"author":1,"featured_media":0,"parent":0,"menu_order":0,"comment_status":"closed","ping_status":"closed","template":"","meta":{"_crdt_document":"","footnotes":""},"class_list":["post-60","page","type-page","status-publish","hentry"],"yoast_head":"<!-- This site is optimized with the Yoast SEO plugin v27.0 - https:\/\/yoast.com\/product\/yoast-seo-wordpress\/ -->\n<title>Newsletter - Salon de la P\u00eache de Senlis<\/title>\n<meta name=\"robots\" content=\"index, follow, max-snippet:-1, max-image-preview:large, max-video-preview:-1\" \/>\n<link rel=\"canonical\" href=\"https:\/\/salonpecheoise.com\/?page_id=60\" \/>\n<meta property=\"og:locale\" content=\"fr_FR\" \/>\n<meta property=\"og:type\" content=\"article\" \/>\n<meta property=\"og:title\" content=\"Newsletter - Salon de la P\u00eache de Senlis\" \/>\n<meta property=\"og:description\" content=\"Ne manquez rien de l\u2019actualit\u00e9 de notre \u00e9v\u00e9nement : nouveaut\u00e9s, animations, conf\u00e9rences, d\u00e9monstrations, offres sp\u00e9ciales et grandes annonces. Inscrivez-vous \u00e0 notre newsletter et soyez les premiers inform\u00e9s pour pr\u00e9parer votre visite et vivre un week-end 100 % passion p\u00eache ! \ud83d\udce9 Inscrivez-vous d\u00e8s maintenant et recevez toutes les infos directement dans votre bo\u00eete mail.\" \/>\n<meta property=\"og:url\" content=\"https:\/\/salonpecheoise.com\/?page_id=60\" \/>\n<meta property=\"og:site_name\" content=\"Salon de la P\u00eache de Senlis\" \/>\n<meta property=\"article:modified_time\" content=\"2026-02-23T23:25:55+00:00\" \/>\n<meta name=\"twitter:card\" content=\"summary_large_image\" \/>\n<script type=\"application\/ld+json\" class=\"yoast-schema-graph\">{\"@context\":\"https:\/\/schema.org\",\"@graph\":[{\"@type\":\"WebPage\",\"@id\":\"https:\/\/salonpecheoise.com\/?page_id=60\",\"url\":\"https:\/\/salonpecheoise.com\/?page_id=60\",\"name\":\"Newsletter - Salon de la P\u00eache de Senlis\",\"isPartOf\":{\"@id\":\"https:\/\/salonpecheoise.com\/#website\"},\"datePublished\":\"2026-02-23T21:25:24+00:00\",\"dateModified\":\"2026-02-23T23:25:55+00:00\",\"breadcrumb\":{\"@id\":\"https:\/\/salonpecheoise.com\/?page_id=60#breadcrumb\"},\"inLanguage\":\"fr-FR\",\"potentialAction\":[{\"@type\":\"ReadAction\",\"target\":[\"https:\/\/salonpecheoise.com\/?page_id=60\"]}]},{\"@type\":\"BreadcrumbList\",\"@id\":\"https:\/\/salonpecheoise.com\/?page_id=60#breadcrumb\",\"itemListElement\":[{\"@type\":\"ListItem\",\"position\":1,\"name\":\"Accueil\",\"item\":\"https:\/\/salonpecheoise.com\/\"},{\"@type\":\"ListItem\",\"position\":2,\"name\":\"Newsletter\"}]},{\"@type\":\"WebSite\",\"@id\":\"https:\/\/salonpecheoise.com\/#website\",\"url\":\"https:\/\/salonpecheoise.com\/\",\"name\":\"Salon de la P\u00eache de Senlis\",\"description\":\"Le 1er Salon de la P\u00eache de l&#039;Oise\",\"publisher\":{\"@id\":\"https:\/\/salonpecheoise.com\/#organization\"},\"potentialAction\":[{\"@type\":\"SearchAction\",\"target\":{\"@type\":\"EntryPoint\",\"urlTemplate\":\"https:\/\/salonpecheoise.com\/?s={search_term_string}\"},\"query-input\":{\"@type\":\"PropertyValueSpecification\",\"valueRequired\":true,\"valueName\":\"search_term_string\"}}],\"inLanguage\":\"fr-FR\"},{\"@type\":\"Organization\",\"@id\":\"https:\/\/salonpecheoise.com\/#organization\",\"name\":\"Salon de la P\u00eache de Senlis\",\"url\":\"https:\/\/salonpecheoise.com\/\",\"logo\":{\"@type\":\"ImageObject\",\"inLanguage\":\"fr-FR\",\"@id\":\"https:\/\/salonpecheoise.com\/#\/schema\/logo\/image\/\",\"url\":\"https:\/\/salonpecheoise.com\/wp-content\/uploads\/2026\/02\/logo.png\",\"contentUrl\":\"https:\/\/salonpecheoise.com\/wp-content\/uploads\/2026\/02\/logo.png\",\"width\":1000,\"height\":1000,\"caption\":\"Salon de la P\u00eache de Senlis\"},\"image\":{\"@id\":\"https:\/\/salonpecheoise.com\/#\/schema\/logo\/image\/\"}}]}<\/script>\n<!-- \/ Yoast SEO plugin. -->","yoast_head_json":{"title":"Newsletter - Salon de la P\u00eache de Senlis","robots":{"index":"index","follow":"follow","max-snippet":"max-snippet:-1","max-image-preview":"max-image-preview:large","max-video-preview":"max-video-preview:-1"},"canonical":"https:\/\/salonpecheoise.com\/?page_id=60","og_locale":"fr_FR","og_type":"article","og_title":"Newsletter - Salon de la P\u00eache de Senlis","og_description":"Ne manquez rien de l\u2019actualit\u00e9 de notre \u00e9v\u00e9nement : nouveaut\u00e9s, animations, conf\u00e9rences, d\u00e9monstrations, offres sp\u00e9ciales et grandes annonces. Inscrivez-vous \u00e0 notre newsletter et soyez les premiers inform\u00e9s pour pr\u00e9parer votre visite et vivre un week-end 100 % passion p\u00eache ! \ud83d\udce9 Inscrivez-vous d\u00e8s maintenant et recevez toutes les infos directement dans votre bo\u00eete mail.","og_url":"https:\/\/salonpecheoise.com\/?page_id=60","og_site_name":"Salon de la P\u00eache de Senlis","article_modified_time":"2026-02-23T23:25:55+00:00","twitter_card":"summary_large_image","schema":{"@context":"https:\/\/schema.org","@graph":[{"@type":"WebPage","@id":"https:\/\/salonpecheoise.com\/?page_id=60","url":"https:\/\/salonpecheoise.com\/?page_id=60","name":"Newsletter - Salon de la P\u00eache de Senlis","isPartOf":{"@id":"https:\/\/salonpecheoise.com\/#website"},"datePublished":"2026-02-23T21:25:24+00:00","dateModified":"2026-02-23T23:25:55+00:00","breadcrumb":{"@id":"https:\/\/salonpecheoise.com\/?page_id=60#breadcrumb"},"inLanguage":"fr-FR","potentialAction":[{"@type":"ReadAction","target":["https:\/\/salonpecheoise.com\/?page_id=60"]}]},{"@type":"BreadcrumbList","@id":"https:\/\/salonpecheoise.com\/?page_id=60#breadcrumb","itemListElement":[{"@type":"ListItem","position":1,"name":"Accueil","item":"https:\/\/salonpecheoise.com\/"},{"@type":"ListItem","position":2,"name":"Newsletter"}]},{"@type":"WebSite","@id":"https:\/\/salonpecheoise.com\/#website","url":"https:\/\/salonpecheoise.com\/","name":"Salon de la P\u00eache de Senlis","description":"Le 1er Salon de la P\u00eache de l&#039;Oise","publisher":{"@id":"https:\/\/salonpecheoise.com\/#organization"},"potentialAction":[{"@type":"SearchAction","target":{"@type":"EntryPoint","urlTemplate":"https:\/\/salonpecheoise.com\/?s={search_term_string}"},"query-input":{"@type":"PropertyValueSpecification","valueRequired":true,"valueName":"search_term_string"}}],"inLanguage":"fr-FR"},{"@type":"Organization","@id":"https:\/\/salonpecheoise.com\/#organization","name":"Salon de la P\u00eache de Senlis","url":"https:\/\/salonpecheoise.com\/","logo":{"@type":"ImageObject","inLanguage":"fr-FR","@id":"https:\/\/salonpecheoise.com\/#\/schema\/logo\/image\/","url":"https:\/\/salonpecheoise.com\/wp-content\/uploads\/2026\/02\/logo.png","contentUrl":"https:\/\/salonpecheoise.com\/wp-content\/uploads\/2026\/02\/logo.png","width":1000,"height":1000,"caption":"Salon de la P\u00eache de Senlis"},"image":{"@id":"https:\/\/salonpecheoise.com\/#\/schema\/logo\/image\/"}}]}},"_links":{"self":[{"href":"https:\/\/salonpecheoise.com\/index.php?rest_route=\/wp\/v2\/pages\/60","targetHints":{"allow":["GET"]}}],"collection":[{"href":"https:\/\/salonpecheoise.com\/index.php?rest_route=\/wp\/v2\/pages"}],"about":[{"href":"https:\/\/salonpecheoise.com\/index.php?rest_route=\/wp\/v2\/types\/page"}],"author":[{"embeddable":true,"href":"https:\/\/salonpecheoise.com\/index.php?rest_route=\/wp\/v2\/users\/1"}],"replies":[{"embeddable":true,"href":"https:\/\/salonpecheoise.com\/index.php?rest_route=%2Fwp%2Fv2%2Fcomments&post=60"}],"version-history":[{"count":3,"href":"https:\/\/salonpecheoise.com\/index.php?rest_route=\/wp\/v2\/pages\/60\/revisions"}],"predecessor-version":[{"id":77,"href":"https:\/\/salonpecheoise.com\/index.php?rest_route=\/wp\/v2\/pages\/60\/revisions\/77"}],"wp:attachment":[{"href":"https:\/\/salonpecheoise.com\/index.php?rest_route=%2Fwp%2Fv2%2Fmedia&parent=60"}],"curies":[{"name":"wp","href":"https:\/\/api.w.org\/{rel}","templated":true}]}}