{"id":2,"date":"2026-02-22T13:04:31","date_gmt":"2026-02-22T13:04:31","guid":{"rendered":"http:\/\/salonpecheoise.com\/?page_id=2"},"modified":"2026-04-07T12:23:29","modified_gmt":"2026-04-07T12:23:29","slug":"accueil","status":"publish","type":"page","link":"https:\/\/salonpecheoise.com\/","title":{"rendered":"Le 1er Salon de la P\u00eache dans l&rsquo;Oise"},"content":{"rendered":"\n<div class=\"wp-block-columns is-layout-flex wp-container-core-columns-is-layout-f56f613f wp-block-columns-is-layout-flex\">\n<div class=\"wp-block-column is-layout-flow wp-block-column-is-layout-flow\">\n<h5 class=\"wp-block-heading\">le grand rendez-vous des passionn\u00e9s de P\u00eache dans l&rsquo;oise<\/h5>\n\n\n\n<p class=\"wp-block-paragraph\">Les 17 et 18 octobre 2026, le <strong>Man\u00e8ge Ordener \u00e0 Senlis<\/strong> devient le point de ralliement de tous les p\u00eacheurs !<\/p>\n\n\n\n<p class=\"wp-block-paragraph\">Carnassiers, coup, feeder, carpe, silure, p\u00eache en \u00e9tang ou en rivi\u00e8re\u2026 pendant deux jours, toutes les techniques et toutes les passions se retrouvent au c\u0153ur de l\u2019Oise.<\/p>\n\n\n\n<p class=\"wp-block-paragraph\">Que vous soyez p\u00eacheur d\u00e9butant, comp\u00e9titeur, passionn\u00e9 de mat\u00e9riel ou simple curieux, le Salon de la P\u00eache de Senlis vous ouvre ses portes pour un week-end 100 % convivial et passion.<\/p>\n\n\n\n<h6 class=\"wp-block-heading\">\ud83d\udccd Lieu de l\u2019\u00e9v\u00e9nement<\/h6>\n\n\n\n<p class=\"wp-block-paragraph\"><strong>Man\u00e8ge Ordener<\/strong><br>6\u20138 rue des Jardiniers<br>60300 Senlis<\/p>\n\n\n\n<p class=\"wp-block-paragraph\">\ud83d\ude97 Parking gratuit \u2013 500 places<br>Salle couverte confortable \u2013 Acc\u00e8s facile<\/p>\n<\/div>\n\n\n\n<div class=\"wp-block-column is-layout-flow wp-block-column-is-layout-flow\">\n<figure class=\"wp-block-image size-full is-resized has-custom-border\"><img loading=\"lazy\" decoding=\"async\" width=\"707\" height=\"1000\" src=\"http:\/\/salonpecheoise.com\/wp-content\/uploads\/2026\/02\/Affiche-web-3.png\" alt=\"\" class=\"wp-image-37\" style=\"border-top-left-radius:10px;border-top-right-radius:10px;border-bottom-left-radius:10px;border-bottom-right-radius:10px;width:450px\" srcset=\"https:\/\/salonpecheoise.com\/wp-content\/uploads\/2026\/02\/Affiche-web-3.png 707w, https:\/\/salonpecheoise.com\/wp-content\/uploads\/2026\/02\/Affiche-web-3-212x300.png 212w\" sizes=\"auto, (max-width: 707px) 100vw, 707px\" \/><\/figure>\n<\/div>\n<\/div>\n\n\n\n<hr class=\"wp-block-separator has-text-color has-luminous-vivid-orange-color has-alpha-channel-opacity has-luminous-vivid-orange-background-color has-background is-style-wide\"\/>\n\n\n\n<div class=\"wp-block-columns is-layout-flex wp-container-core-columns-is-layout-f56f613f wp-block-columns-is-layout-flex\">\n<div class=\"wp-block-column is-layout-flow wp-block-column-is-layout-flow\">\n<h6 class=\"wp-block-heading has-text-align-center\"><strong>conferences<\/strong><\/h6>\n\n\n\n<p class=\"wp-block-paragraph\">Des sp\u00e9cialistes reconnus et des passionn\u00e9s exp\u00e9riment\u00e9s seront pr\u00e9sents tout au long du week-end pour partager leur expertise et r\u00e9pondre \u00e0 toutes vos questions lors de conf\u00e9rences et temps d\u2019\u00e9changes gratuits.<\/p>\n<\/div>\n\n\n\n<div class=\"wp-block-column is-layout-flow wp-block-column-is-layout-flow\">\n<h6 class=\"wp-block-heading has-text-align-center\"><strong>DEMONSTRATIONS<\/strong><\/h6>\n\n\n\n<p class=\"wp-block-paragraph\">Des d\u00e9monstrations techniques seront propos\u00e9es. Mat\u00e9riel, montages, animations de leurres, techniques modernes ou approches sp\u00e9cifiques selon les pratiques : ces temps forts vous permettront de voir, comprendre et \u00e9changer directement avec les intervenants.<\/p>\n<\/div>\n\n\n\n<div class=\"wp-block-column is-layout-flow wp-block-column-is-layout-flow\">\n<h6 class=\"wp-block-heading has-text-align-center\"><strong>DERNIERES NOUVEAUTES<\/strong><\/h6>\n\n\n\n<p class=\"wp-block-paragraph\">Les exposants vous feront d\u00e9couvrir les derni\u00e8res nouveaut\u00e9s mat\u00e9rielles 2026 : cannes, moulinets, leurres, \u00e9quipements techniques et innovations pens\u00e9es pour toutes les pratiques. Une occasion unique de voir, comparer, manipuler et b\u00e9n\u00e9ficier de conseils avis\u00e9s pour pr\u00e9parer votre saison.<\/p>\n<\/div>\n<\/div>\n\n\n\n<div class=\"wp-block-columns is-layout-flex wp-container-core-columns-is-layout-f56f613f wp-block-columns-is-layout-flex\">\n<div class=\"wp-block-column is-layout-flow wp-block-column-is-layout-flow\">\n<h6 class=\"wp-block-heading has-text-align-center\"><strong>ARTISANS<\/strong><\/h6>\n\n\n\n<p class=\"wp-block-paragraph\">Les exposants artisans seront \u00e9galement \u00e0 l\u2019honneur, avec des cr\u00e9ations uniques et un savoir-faire passionn\u00e9. Une belle opportunit\u00e9 de d\u00e9couvrir des produits authentiques, d\u2019\u00e9changer directement avec leurs cr\u00e9ateurs et de soutenir des acteurs engag\u00e9s de la p\u00eache locale et sp\u00e9cialis\u00e9e.<\/p>\n<\/div>\n\n\n\n<div class=\"wp-block-column is-layout-flow wp-block-column-is-layout-flow\">\n<h6 class=\"wp-block-heading has-text-align-center\"><strong>GRANDES MARQUES<\/strong><\/h6>\n\n\n\n<p class=\"wp-block-paragraph\">Les grandes marques du secteur seront pr\u00e9sentes pour vous faire d\u00e9couvrir leurs gammes, leurs innovations et leurs \u00e9quipements phares. Cannes, moulinets, bagagerie, \u00e9lectronique ou accessoires techniques : vous pourrez voir les produits de pr\u00e8s et poser vos questions aux repr\u00e9sentants.<\/p>\n<\/div>\n\n\n\n<div class=\"wp-block-column is-layout-flow wp-block-column-is-layout-flow\">\n<h6 class=\"wp-block-heading has-text-align-center\"><strong>OPERATIONS SPECIALES<\/strong><\/h6>\n\n\n\n<p class=\"wp-block-paragraph\">Des op\u00e9rations sp\u00e9ciales seront propos\u00e9es tout au long du salon, avec des offres exclusives, des promotions d\u00e9di\u00e9es \u00e0 l\u2019\u00e9v\u00e9nement et de belles opportunit\u00e9s pour s\u2019\u00e9quiper dans des conditions avantageuses. <\/p>\n<\/div>\n<\/div>\n\n\n\n<hr class=\"wp-block-separator has-text-color has-luminous-vivid-orange-color has-alpha-channel-opacity has-luminous-vivid-orange-background-color has-background is-style-wide\"\/>\n\n\n\n<h3 class=\"wp-block-heading has-text-align-center\">Infos pratiques<\/h3>\n\n\n\n<div class=\"wp-block-columns is-layout-flex wp-container-core-columns-is-layout-f56f613f wp-block-columns-is-layout-flex\">\n<div class=\"wp-block-column is-layout-flow wp-block-column-is-layout-flow\">\n<h5 class=\"wp-block-heading has-text-align-center\">Horaires <\/h5>\n\n\n\n<p class=\"wp-block-paragraph\">Samedi 17 octobre : 9h &#8211; 19h<br>Dimanche 18 octobre : 9h &#8211; 19h<\/p>\n<\/div>\n\n\n\n<div class=\"wp-block-column is-layout-flow wp-block-column-is-layout-flow\">\n<h5 class=\"wp-block-heading has-text-align-center\">Tarifs sur place<\/h5>\n\n\n\n<ul class=\"wp-block-list\">\n<li>Tarif journ\u00e9e : 4\u20ac<\/li>\n\n\n\n<li>Tarif 2 jours : 6\u20ac<\/li>\n\n\n\n<li>Gratuit : -12 ans<\/li>\n<\/ul>\n<\/div>\n\n\n\n<div class=\"wp-block-column is-layout-flow wp-block-column-is-layout-flow\">\n<h5 class=\"wp-block-heading has-text-align-center\">Tarifs pr\u00e9vente<\/h5>\n\n\n\n<ul class=\"wp-block-list\">\n<li>Tarif journ\u00e9e : 3\u20ac<\/li>\n\n\n\n<li>Tarif 2 jours : 5\u20ac<\/li>\n\n\n\n<li>Gratuit : -12 ans<\/li>\n<\/ul>\n<\/div>\n<\/div>\n\n\n\n<div class=\"wp-block-buttons is-content-justification-center is-layout-flex wp-container-core-buttons-is-layout-20959078 wp-block-buttons-is-layout-flex\">\n<div class=\"wp-block-button has-custom-width wp-block-button__width-25 is-style-fill\"><a class=\"wp-block-button__link has-tertiary-color has-luminous-vivid-orange-background-color has-text-color has-background has-link-color has-medium-font-size has-custom-font-size wp-element-button\" href=\"https:\/\/salonpecheoise.com\/?page_id=15\" style=\"border-top-left-radius:5px;border-top-right-radius:5px;border-bottom-left-radius:5px;border-bottom-right-radius:5px\"><strong>Billetterie<\/strong><\/a><\/div>\n<\/div>\n\n\n\n<hr class=\"wp-block-separator has-text-color has-luminous-vivid-orange-color has-alpha-channel-opacity has-luminous-vivid-orange-background-color has-background is-style-wide\"\/>\n\n\n\n<h3 class=\"wp-block-heading has-text-align-center\">Vous souhaitez exposer sur le salon ?<\/h3>\n\n\n\n<p class=\"has-text-align-center wp-block-paragraph\">Vous souhaitez exposer et rejoindre l\u2019aventure du Salon de la P\u00eache de Senlis ? Contactez-nous d\u00e8s maintenant pour recevoir le dossier exposant et r\u00e9server votre stand.<\/p>\n\n\n\n<div class=\"wp-block-buttons is-content-justification-center is-layout-flex wp-container-core-buttons-is-layout-20959078 wp-block-buttons-is-layout-flex\">\n<div class=\"wp-block-button\"><a class=\"wp-block-button__link has-base-color has-luminous-vivid-orange-background-color has-text-color has-background has-link-color wp-element-button\" href=\"https:\/\/salonpecheoise.com\/?page_id=62\" style=\"border-top-left-radius:5px;border-top-right-radius:5px;border-bottom-left-radius:5px;border-bottom-right-radius:5px\"><strong>Nous contacter<\/strong><\/a><\/div>\n<\/div>\n\n\n\n<hr class=\"wp-block-separator has-text-color has-luminous-vivid-orange-color has-alpha-channel-opacity has-luminous-vivid-orange-background-color has-background is-style-wide\"\/>\n\n\n\n<h3 class=\"wp-block-heading has-text-align-center\">Partenaires<\/h3>\n\n\n\n<div class=\"wp-block-columns is-layout-flex wp-container-core-columns-is-layout-f56f613f wp-block-columns-is-layout-flex\">\n<div class=\"wp-block-column is-layout-flow wp-block-column-is-layout-flow\">\n<figure class=\"wp-block-image aligncenter size-full is-resized\"><img loading=\"lazy\" decoding=\"async\" width=\"320\" height=\"321\" src=\"http:\/\/salonpecheoise.com\/wp-content\/uploads\/2026\/02\/Region_Hauts-de-France_logo_2016.svg_.png\" alt=\"\" class=\"wp-image-54\" style=\"width:100px\" srcset=\"https:\/\/salonpecheoise.com\/wp-content\/uploads\/2026\/02\/Region_Hauts-de-France_logo_2016.svg_.png 320w, https:\/\/salonpecheoise.com\/wp-content\/uploads\/2026\/02\/Region_Hauts-de-France_logo_2016.svg_-300x300.png 300w, https:\/\/salonpecheoise.com\/wp-content\/uploads\/2026\/02\/Region_Hauts-de-France_logo_2016.svg_-150x150.png 150w\" sizes=\"auto, (max-width: 320px) 100vw, 320px\" \/><\/figure>\n<\/div>\n\n\n\n<div class=\"wp-block-column is-layout-flow wp-block-column-is-layout-flow\">\n<figure class=\"wp-block-image aligncenter size-full is-resized is-style-default\"><img loading=\"lazy\" decoding=\"async\" width=\"799\" height=\"737\" src=\"http:\/\/salonpecheoise.com\/wp-content\/uploads\/2026\/02\/logocm2018_carre_cmjn_72dpi__031211900_1028_11022019.jpg\" alt=\"\" class=\"wp-image-53\" style=\"width:120px\" srcset=\"https:\/\/salonpecheoise.com\/wp-content\/uploads\/2026\/02\/logocm2018_carre_cmjn_72dpi__031211900_1028_11022019.jpg 799w, https:\/\/salonpecheoise.com\/wp-content\/uploads\/2026\/02\/logocm2018_carre_cmjn_72dpi__031211900_1028_11022019-300x277.jpg 300w, https:\/\/salonpecheoise.com\/wp-content\/uploads\/2026\/02\/logocm2018_carre_cmjn_72dpi__031211900_1028_11022019-768x708.jpg 768w\" sizes=\"auto, (max-width: 799px) 100vw, 799px\" \/><\/figure>\n<\/div>\n\n\n\n<div class=\"wp-block-column is-layout-flow wp-block-column-is-layout-flow\">\n<figure class=\"wp-block-image aligncenter size-full is-resized\"><img loading=\"lazy\" decoding=\"async\" width=\"800\" height=\"800\" src=\"http:\/\/salonpecheoise.com\/wp-content\/uploads\/2026\/02\/Logo_officiel_du_Departement_de_lOise.jpg\" alt=\"\" class=\"wp-image-52\" style=\"width:100px\" srcset=\"https:\/\/salonpecheoise.com\/wp-content\/uploads\/2026\/02\/Logo_officiel_du_Departement_de_lOise.jpg 800w, https:\/\/salonpecheoise.com\/wp-content\/uploads\/2026\/02\/Logo_officiel_du_Departement_de_lOise-300x300.jpg 300w, https:\/\/salonpecheoise.com\/wp-content\/uploads\/2026\/02\/Logo_officiel_du_Departement_de_lOise-150x150.jpg 150w, https:\/\/salonpecheoise.com\/wp-content\/uploads\/2026\/02\/Logo_officiel_du_Departement_de_lOise-768x768.jpg 768w\" sizes=\"auto, (max-width: 800px) 100vw, 800px\" \/><\/figure>\n<\/div>\n\n\n\n<div class=\"wp-block-column is-layout-flow wp-block-column-is-layout-flow\">\n<figure class=\"wp-block-image aligncenter size-full is-resized\"><img loading=\"lazy\" decoding=\"async\" width=\"248\" height=\"206\" src=\"http:\/\/salonpecheoise.com\/wp-content\/uploads\/2026\/02\/logo-1.png\" alt=\"\" class=\"wp-image-51\" style=\"width:115px\"\/><\/figure>\n<\/div>\n\n\n\n<div class=\"wp-block-column is-layout-flow wp-block-column-is-layout-flow\">\n<figure class=\"wp-block-image aligncenter size-full is-resized\"><img loading=\"lazy\" decoding=\"async\" width=\"852\" height=\"664\" src=\"http:\/\/salonpecheoise.com\/wp-content\/uploads\/2026\/02\/Fichier-2@5x.png\" alt=\"\" class=\"wp-image-50\" style=\"width:120px\" srcset=\"https:\/\/salonpecheoise.com\/wp-content\/uploads\/2026\/02\/Fichier-2@5x.png 852w, https:\/\/salonpecheoise.com\/wp-content\/uploads\/2026\/02\/Fichier-2@5x-300x234.png 300w, https:\/\/salonpecheoise.com\/wp-content\/uploads\/2026\/02\/Fichier-2@5x-768x599.png 768w\" sizes=\"auto, (max-width: 852px) 100vw, 852px\" \/><\/figure>\n<\/div>\n\n\n\n<div class=\"wp-block-column is-layout-flow wp-block-column-is-layout-flow\">\n<figure class=\"wp-block-image size-full is-resized\"><img loading=\"lazy\" decoding=\"async\" width=\"245\" height=\"145\" src=\"http:\/\/salonpecheoise.com\/wp-content\/uploads\/2026\/02\/evasion.jpg\" alt=\"\" class=\"wp-image-49\" style=\"width:150px\"\/><\/figure>\n<\/div>\n<\/div>\n\n\n\n<p class=\"wp-block-paragraph\"><\/p>\n","protected":false},"excerpt":{"rendered":"<p>le grand rendez-vous des passionn\u00e9s de P\u00eache dans l&rsquo;oise Les 17 et 18 octobre 2026, le Man\u00e8ge Ordener \u00e0 Senlis devient le point de ralliement de tous les p\u00eacheurs ! Carnassiers, coup, feeder, carpe, silure, p\u00eache en \u00e9tang ou en rivi\u00e8re\u2026 pendant deux jours, toutes les techniques et toutes les passions se retrouvent au c\u0153ur [&hellip;]<\/p>\n","protected":false},"author":1,"featured_media":0,"parent":0,"menu_order":0,"comment_status":"closed","ping_status":"closed","template":"","meta":{"_crdt_document":"","footnotes":""},"class_list":["post-2","page","type-page","status-publish","hentry"],"yoast_head":"<!-- This site is optimized with the Yoast SEO plugin v27.0 - https:\/\/yoast.com\/product\/yoast-seo-wordpress\/ -->\n<title>Le 1er Salon de la P\u00eache dans l&#039;Oise - Salon de la P\u00eache de Senlis<\/title>\n<meta name=\"robots\" content=\"index, follow, max-snippet:-1, max-image-preview:large, max-video-preview:-1\" \/>\n<link rel=\"canonical\" href=\"https:\/\/salonpecheoise.com\/\" \/>\n<meta property=\"og:locale\" content=\"fr_FR\" \/>\n<meta property=\"og:type\" content=\"article\" \/>\n<meta property=\"og:title\" content=\"Le 1er Salon de la P\u00eache dans l&#039;Oise - Salon de la P\u00eache de Senlis\" \/>\n<meta property=\"og:description\" content=\"le grand rendez-vous des passionn\u00e9s de P\u00eache dans l&rsquo;oise Les 17 et 18 octobre 2026, le Man\u00e8ge Ordener \u00e0 Senlis devient le point de ralliement de tous les p\u00eacheurs ! Carnassiers, coup, feeder, carpe, silure, p\u00eache en \u00e9tang ou en rivi\u00e8re\u2026 pendant deux jours, toutes les techniques et toutes les passions se retrouvent au c\u0153ur [&hellip;]\" \/>\n<meta property=\"og:url\" content=\"https:\/\/salonpecheoise.com\/\" \/>\n<meta property=\"og:site_name\" content=\"Salon de la P\u00eache de Senlis\" \/>\n<meta property=\"article:modified_time\" content=\"2026-04-07T12:23:29+00:00\" \/>\n<meta property=\"og:image\" content=\"https:\/\/salonpecheoise.com\/wp-content\/uploads\/2026\/02\/Affiche-web-3.png\" \/>\n\t<meta property=\"og:image:width\" content=\"707\" \/>\n\t<meta property=\"og:image:height\" content=\"1000\" \/>\n\t<meta property=\"og:image:type\" content=\"image\/png\" \/>\n<meta name=\"twitter:card\" content=\"summary_large_image\" \/>\n<meta name=\"twitter:label1\" content=\"Dur\u00e9e de lecture estim\u00e9e\" \/>\n\t<meta name=\"twitter:data1\" content=\"2 minutes\" \/>\n<script type=\"application\/ld+json\" class=\"yoast-schema-graph\">{\"@context\":\"https:\/\/schema.org\",\"@graph\":[{\"@type\":\"WebPage\",\"@id\":\"https:\/\/salonpecheoise.com\/\",\"url\":\"https:\/\/salonpecheoise.com\/\",\"name\":\"Le 1er Salon de la P\u00eache dans l'Oise - Salon de la P\u00eache de Senlis\",\"isPartOf\":{\"@id\":\"https:\/\/salonpecheoise.com\/#website\"},\"primaryImageOfPage\":{\"@id\":\"https:\/\/salonpecheoise.com\/#primaryimage\"},\"image\":{\"@id\":\"https:\/\/salonpecheoise.com\/#primaryimage\"},\"thumbnailUrl\":\"http:\/\/salonpecheoise.com\/wp-content\/uploads\/2026\/02\/Affiche-web-3.png\",\"datePublished\":\"2026-02-22T13:04:31+00:00\",\"dateModified\":\"2026-04-07T12:23:29+00:00\",\"breadcrumb\":{\"@id\":\"https:\/\/salonpecheoise.com\/#breadcrumb\"},\"inLanguage\":\"fr-FR\",\"potentialAction\":[{\"@type\":\"ReadAction\",\"target\":[\"https:\/\/salonpecheoise.com\/\"]}]},{\"@type\":\"ImageObject\",\"inLanguage\":\"fr-FR\",\"@id\":\"https:\/\/salonpecheoise.com\/#primaryimage\",\"url\":\"https:\/\/salonpecheoise.com\/wp-content\/uploads\/2026\/02\/Affiche-web-3.png\",\"contentUrl\":\"https:\/\/salonpecheoise.com\/wp-content\/uploads\/2026\/02\/Affiche-web-3.png\",\"width\":707,\"height\":1000},{\"@type\":\"BreadcrumbList\",\"@id\":\"https:\/\/salonpecheoise.com\/#breadcrumb\",\"itemListElement\":[{\"@type\":\"ListItem\",\"position\":1,\"name\":\"Accueil\",\"item\":\"https:\/\/salonpecheoise.com\/\"},{\"@type\":\"ListItem\",\"position\":2,\"name\":\"Le 1er Salon de la P\u00eache dans l&rsquo;Oise\"}]},{\"@type\":\"WebSite\",\"@id\":\"https:\/\/salonpecheoise.com\/#website\",\"url\":\"https:\/\/salonpecheoise.com\/\",\"name\":\"Salon de la P\u00eache de Senlis\",\"description\":\"Le 1er Salon de la P\u00eache de l&#039;Oise\",\"publisher\":{\"@id\":\"https:\/\/salonpecheoise.com\/#organization\"},\"potentialAction\":[{\"@type\":\"SearchAction\",\"target\":{\"@type\":\"EntryPoint\",\"urlTemplate\":\"https:\/\/salonpecheoise.com\/?s={search_term_string}\"},\"query-input\":{\"@type\":\"PropertyValueSpecification\",\"valueRequired\":true,\"valueName\":\"search_term_string\"}}],\"inLanguage\":\"fr-FR\"},{\"@type\":\"Organization\",\"@id\":\"https:\/\/salonpecheoise.com\/#organization\",\"name\":\"Salon de la P\u00eache de Senlis\",\"url\":\"https:\/\/salonpecheoise.com\/\",\"logo\":{\"@type\":\"ImageObject\",\"inLanguage\":\"fr-FR\",\"@id\":\"https:\/\/salonpecheoise.com\/#\/schema\/logo\/image\/\",\"url\":\"https:\/\/salonpecheoise.com\/wp-content\/uploads\/2026\/02\/logo.png\",\"contentUrl\":\"https:\/\/salonpecheoise.com\/wp-content\/uploads\/2026\/02\/logo.png\",\"width\":1000,\"height\":1000,\"caption\":\"Salon de la P\u00eache de Senlis\"},\"image\":{\"@id\":\"https:\/\/salonpecheoise.com\/#\/schema\/logo\/image\/\"}}]}<\/script>\n<!-- \/ Yoast SEO plugin. -->","yoast_head_json":{"title":"Le 1er Salon de la P\u00eache dans l'Oise - Salon de la P\u00eache de Senlis","robots":{"index":"index","follow":"follow","max-snippet":"max-snippet:-1","max-image-preview":"max-image-preview:large","max-video-preview":"max-video-preview:-1"},"canonical":"https:\/\/salonpecheoise.com\/","og_locale":"fr_FR","og_type":"article","og_title":"Le 1er Salon de la P\u00eache dans l'Oise - Salon de la P\u00eache de Senlis","og_description":"le grand rendez-vous des passionn\u00e9s de P\u00eache dans l&rsquo;oise Les 17 et 18 octobre 2026, le Man\u00e8ge Ordener \u00e0 Senlis devient le point de ralliement de tous les p\u00eacheurs ! Carnassiers, coup, feeder, carpe, silure, p\u00eache en \u00e9tang ou en rivi\u00e8re\u2026 pendant deux jours, toutes les techniques et toutes les passions se retrouvent au c\u0153ur [&hellip;]","og_url":"https:\/\/salonpecheoise.com\/","og_site_name":"Salon de la P\u00eache de Senlis","article_modified_time":"2026-04-07T12:23:29+00:00","og_image":[{"width":707,"height":1000,"url":"https:\/\/salonpecheoise.com\/wp-content\/uploads\/2026\/02\/Affiche-web-3.png","type":"image\/png"}],"twitter_card":"summary_large_image","twitter_misc":{"Dur\u00e9e de lecture estim\u00e9e":"2 minutes"},"schema":{"@context":"https:\/\/schema.org","@graph":[{"@type":"WebPage","@id":"https:\/\/salonpecheoise.com\/","url":"https:\/\/salonpecheoise.com\/","name":"Le 1er Salon de la P\u00eache dans l'Oise - Salon de la P\u00eache de Senlis","isPartOf":{"@id":"https:\/\/salonpecheoise.com\/#website"},"primaryImageOfPage":{"@id":"https:\/\/salonpecheoise.com\/#primaryimage"},"image":{"@id":"https:\/\/salonpecheoise.com\/#primaryimage"},"thumbnailUrl":"http:\/\/salonpecheoise.com\/wp-content\/uploads\/2026\/02\/Affiche-web-3.png","datePublished":"2026-02-22T13:04:31+00:00","dateModified":"2026-04-07T12:23:29+00:00","breadcrumb":{"@id":"https:\/\/salonpecheoise.com\/#breadcrumb"},"inLanguage":"fr-FR","potentialAction":[{"@type":"ReadAction","target":["https:\/\/salonpecheoise.com\/"]}]},{"@type":"ImageObject","inLanguage":"fr-FR","@id":"https:\/\/salonpecheoise.com\/#primaryimage","url":"https:\/\/salonpecheoise.com\/wp-content\/uploads\/2026\/02\/Affiche-web-3.png","contentUrl":"https:\/\/salonpecheoise.com\/wp-content\/uploads\/2026\/02\/Affiche-web-3.png","width":707,"height":1000},{"@type":"BreadcrumbList","@id":"https:\/\/salonpecheoise.com\/#breadcrumb","itemListElement":[{"@type":"ListItem","position":1,"name":"Accueil","item":"https:\/\/salonpecheoise.com\/"},{"@type":"ListItem","position":2,"name":"Le 1er Salon de la P\u00eache dans l&rsquo;Oise"}]},{"@type":"WebSite","@id":"https:\/\/salonpecheoise.com\/#website","url":"https:\/\/salonpecheoise.com\/","name":"Salon de la P\u00eache de Senlis","description":"Le 1er Salon de la P\u00eache de l&#039;Oise","publisher":{"@id":"https:\/\/salonpecheoise.com\/#organization"},"potentialAction":[{"@type":"SearchAction","target":{"@type":"EntryPoint","urlTemplate":"https:\/\/salonpecheoise.com\/?s={search_term_string}"},"query-input":{"@type":"PropertyValueSpecification","valueRequired":true,"valueName":"search_term_string"}}],"inLanguage":"fr-FR"},{"@type":"Organization","@id":"https:\/\/salonpecheoise.com\/#organization","name":"Salon de la P\u00eache de Senlis","url":"https:\/\/salonpecheoise.com\/","logo":{"@type":"ImageObject","inLanguage":"fr-FR","@id":"https:\/\/salonpecheoise.com\/#\/schema\/logo\/image\/","url":"https:\/\/salonpecheoise.com\/wp-content\/uploads\/2026\/02\/logo.png","contentUrl":"https:\/\/salonpecheoise.com\/wp-content\/uploads\/2026\/02\/logo.png","width":1000,"height":1000,"caption":"Salon de la P\u00eache de Senlis"},"image":{"@id":"https:\/\/salonpecheoise.com\/#\/schema\/logo\/image\/"}}]}},"_links":{"self":[{"href":"https:\/\/salonpecheoise.com\/index.php?rest_route=\/wp\/v2\/pages\/2","targetHints":{"allow":["GET"]}}],"collection":[{"href":"https:\/\/salonpecheoise.com\/index.php?rest_route=\/wp\/v2\/pages"}],"about":[{"href":"https:\/\/salonpecheoise.com\/index.php?rest_route=\/wp\/v2\/types\/page"}],"author":[{"embeddable":true,"href":"https:\/\/salonpecheoise.com\/index.php?rest_route=\/wp\/v2\/users\/1"}],"replies":[{"embeddable":true,"href":"https:\/\/salonpecheoise.com\/index.php?rest_route=%2Fwp%2Fv2%2Fcomments&post=2"}],"version-history":[{"count":16,"href":"https:\/\/salonpecheoise.com\/index.php?rest_route=\/wp\/v2\/pages\/2\/revisions"}],"predecessor-version":[{"id":85,"href":"https:\/\/salonpecheoise.com\/index.php?rest_route=\/wp\/v2\/pages\/2\/revisions\/85"}],"wp:attachment":[{"href":"https:\/\/salonpecheoise.com\/index.php?rest_route=%2Fwp%2Fv2%2Fmedia&parent=2"}],"curies":[{"name":"wp","href":"https:\/\/api.w.org\/{rel}","templated":true}]}}